{"id":208,"date":"2024-08-04T01:57:15","date_gmt":"2024-08-03T22:57:15","guid":{"rendered":"https:\/\/sekateknoloji.com\/demo\/?page_id=208"},"modified":"2024-08-04T01:57:15","modified_gmt":"2024-08-03T22:57:15","slug":"cozum-ortaklarimiz","status":"publish","type":"page","link":"https:\/\/sekateknoloji.com\/index.php\/cozum-ortaklarimiz\/","title":{"rendered":"\u00c7\u00d6Z\u00dcM ORTAKLARIMIZ"},"content":{"rendered":"","protected":false},"excerpt":{"rendered":"","protected":false},"author":1,"featured_media":0,"parent":0,"menu_order":0,"comment_status":"closed","ping_status":"closed","template":"","meta":{"footnotes":""},"class_list":["post-208","page","type-page","status-publish","hentry"],"_links":{"self":[{"href":"https:\/\/sekateknoloji.com\/index.php\/wp-json\/wp\/v2\/pages\/208","targetHints":{"allow":["GET"]}}],"collection":[{"href":"https:\/\/sekateknoloji.com\/index.php\/wp-json\/wp\/v2\/pages"}],"about":[{"href":"https:\/\/sekateknoloji.com\/index.php\/wp-json\/wp\/v2\/types\/page"}],"author":[{"embeddable":true,"href":"https:\/\/sekateknoloji.com\/index.php\/wp-json\/wp\/v2\/users\/1"}],"replies":[{"embeddable":true,"href":"https:\/\/sekateknoloji.com\/index.php\/wp-json\/wp\/v2\/comments?post=208"}],"version-history":[{"count":1,"href":"https:\/\/sekateknoloji.com\/index.php\/wp-json\/wp\/v2\/pages\/208\/revisions"}],"predecessor-version":[{"id":210,"href":"https:\/\/sekateknoloji.com\/index.php\/wp-json\/wp\/v2\/pages\/208\/revisions\/210"}],"wp:attachment":[{"href":"https:\/\/sekateknoloji.com\/index.php\/wp-json\/wp\/v2\/media?parent=208"}],"curies":[{"name":"wp","href":"https:\/\/api.w.org\/{rel}","templated":true}]}}